{"id":10301,"date":"2026-03-25T21:44:10","date_gmt":"2026-03-25T21:44:10","guid":{"rendered":"https:\/\/medclimatehouse.org\/?page_id=10301"},"modified":"2026-03-25T22:00:05","modified_gmt":"2026-03-25T22:00:05","slug":"medcop","status":"publish","type":"page","link":"https:\/\/medclimatehouse.org\/ar\/medcop\/","title":{"rendered":"MEDCOP"},"content":{"rendered":"<div data-elementor-type=\"wp-page\" data-elementor-id=\"10301\" class=\"elementor elementor-10301\">\n\t\t\t\t\t\t<section class=\"elementor-section elementor-top-section elementor-element elementor-element-dac9874 elementor-section-boxed elementor-section-height-default elementor-section-height-default\" data-id=\"dac9874\" data-element_type=\"section\" data-e-type=\"section\">\n\t\t\t\t\t\t<div class=\"elementor-container elementor-column-gap-default\">\n\t\t\t\t\t<div class=\"elementor-column elementor-col-100 elementor-top-column elementor-element elementor-element-28c3ade\" data-id=\"28c3ade\" data-element_type=\"column\" data-e-type=\"column\">\n\t\t\t<div class=\"elementor-widget-wrap elementor-element-populated\">\n\t\t\t\t\t\t<div class=\"elementor-element elementor-element-2a1a920 elementor-widget elementor-widget-heading\" data-id=\"2a1a920\" data-element_type=\"widget\" data-e-type=\"widget\" data-widget_type=\"heading.default\">\n\t\t\t\t<div class=\"elementor-widget-container\">\n\t\t\t\t\t<h2 class=\"elementor-heading-title elementor-size-default\">\u0627\u062c\u062a\u0645\u0627\u0639 \u0623\u0642\u0627\u0644\u064a\u0645 \u0627\u0644\u0628\u062d\u0631 \u0627\u0644\u0623\u0628\u064a\u0636 \u0627\u0644\u0645\u062a\u0648\u0633\u0637 \u0644\u0644\u0639\u0645\u0644 \u0627\u0644\u0645\u0646\u0627\u062e\u064a<\/h2>\t\t\t\t<\/div>\n\t\t\t\t<\/div>\n\t\t\t\t\t<\/div>\n\t\t<\/div>\n\t\t\t\t\t<\/div>\n\t\t<\/section>\n\t\t\t\t<section class=\"elementor-section elementor-top-section elementor-element elementor-element-5b1a6df elementor-section-boxed elementor-section-height-default elementor-section-height-default\" data-id=\"5b1a6df\" data-element_type=\"section\" data-e-type=\"section\">\n\t\t\t\t\t\t<div class=\"elementor-container elementor-column-gap-default\">\n\t\t\t\t\t<div class=\"elementor-column elementor-col-100 elementor-top-column elementor-element elementor-element-5c89397\" data-id=\"5c89397\" data-element_type=\"column\" data-e-type=\"column\">\n\t\t\t<div class=\"elementor-widget-wrap elementor-element-populated\">\n\t\t\t\t\t\t<div class=\"elementor-element elementor-element-ab563d2 elementor-widget elementor-widget-video\" data-id=\"ab563d2\" data-element_type=\"widget\" data-e-type=\"widget\" data-settings=\"{&quot;youtube_url&quot;:&quot;https:\\\/\\\/www.youtube.com\\\/watch?v=QkEcs-8ZgDI&quot;,&quot;video_type&quot;:&quot;youtube&quot;,&quot;controls&quot;:&quot;yes&quot;}\" data-widget_type=\"video.default\">\n\t\t\t\t<div class=\"elementor-widget-container\">\n\t\t\t\t\t\t\t<div class=\"elementor-wrapper elementor-open-inline\">\n\t\t\t<div class=\"elementor-video\"><\/div>\t\t<\/div>\n\t\t\t\t\t\t<\/div>\n\t\t\t\t<\/div>\n\t\t\t\t\t<\/div>\n\t\t<\/div>\n\t\t\t\t\t<\/div>\n\t\t<\/section>\n\t\t\t\t<section class=\"elementor-section elementor-top-section elementor-element elementor-element-3f3848b elementor-section-boxed elementor-section-height-default elementor-section-height-default\" data-id=\"3f3848b\" data-element_type=\"section\" data-e-type=\"section\">\n\t\t\t\t\t\t<div class=\"elementor-container elementor-column-gap-default\">\n\t\t\t\t\t<div class=\"elementor-column elementor-col-100 elementor-top-column elementor-element elementor-element-4944722\" data-id=\"4944722\" data-element_type=\"column\" data-e-type=\"column\">\n\t\t\t<div class=\"elementor-widget-wrap elementor-element-populated\">\n\t\t\t\t\t\t<div class=\"elementor-element elementor-element-e460bf5 elementor-widget elementor-widget-text-editor\" data-id=\"e460bf5\" data-element_type=\"widget\" data-e-type=\"widget\" data-widget_type=\"text-editor.default\">\n\t\t\t\t<div class=\"elementor-widget-container\">\n\t\t\t\t\t\t\t\t\t<h2><span style=\"color: #000080;\"><strong>\u0627\u0644\u0633\u064a\u0627\u0642<\/strong><\/span><\/h2><p><span style=\"color: #000000;\">\u0641\u064a \u0625\u0637\u0627\u0631 \u062f\u0639\u0645 \u062c\u0647\u0648\u062f \u0645\u0643\u0627\u0641\u062d\u0629 \u0627\u0644\u062a\u063a\u064a\u0631 \u0627\u0644\u0645\u0646\u0627\u062e\u064a\u060c \u062a\u0645 \u0648\u0636\u0639 \u0627\u0633\u062a\u0631\u0627\u062a\u064a\u062c\u064a\u0627\u062a \u0645\u062a\u0643\u0627\u0645\u0644\u0629 \u0639\u0644\u0649 \u0645\u0633\u062a\u0648\u0649 \u0627\u0644\u0623\u062d\u0648\u0627\u0636. \u0648\u062a\u0632\u062e\u0631 \u0645\u0646\u0637\u0642\u0629 \u0627\u0644\u0628\u062d\u0631 \u0627\u0644\u0623\u0628\u064a\u0636 \u0627\u0644\u0645\u062a\u0648\u0633\u0637 \u0628\u0627\u0644\u0641\u0627\u0639\u0644\u064a\u0646 \u0627\u0644\u0646\u0634\u0637\u064a\u0646 \u0641\u064a \u0645\u062c\u0627\u0644 \u0645\u0643\u0627\u0641\u062d\u0629 \u0627\u0644\u062a\u063a\u064a\u0631 \u0627\u0644\u0645\u0646\u0627\u062e\u064a\u060c \u0648\u0627\u0644\u0642\u0627\u062f\u0631\u064a\u0646 \u0639\u0644\u0649 \u062f\u0639\u0645 \u062a\u0646\u0641\u064a\u0630 \u0627\u0644\u0645\u0633\u0627\u0647\u0645\u0627\u062a \u0627\u0644\u0645\u062d\u062f\u062f\u0629 \u0648\u0637\u0646\u064a\u0627\u064b (NDCs)\u060c \u0641\u0636\u0644\u0627\u064b \u0639\u0646 \u062a\u0639\u0632\u064a\u0632 \u0637\u0645\u0648\u062d \u0627\u0644\u0639\u0645\u0644 \u0627\u0644\u0645\u0646\u0627\u062e\u064a. \u0644\u0630\u0644\u0643\u060c \u0623\u0635\u0628\u062d \u0645\u0646 \u0627\u0644\u0636\u0631\u0648\u0631\u064a \u062a\u0643\u062b\u064a\u0641 \u0627\u0644\u062c\u0647\u0648\u062f \u0645\u0646 \u0623\u062c\u0644 \u0648\u0636\u0639 \u0623\u062c\u0646\u062f\u0629 \u0645\u0634\u062a\u0631\u0643\u0629 \u0648\u062a\u0634\u0627\u0631\u0643\u064a\u0629 \u0648\u062a\u0636\u0627\u0645\u0646\u064a\u0629 \u062a\u0634\u0645\u0644 \u0627\u0644\u0634\u0645\u0627\u0644 \u0648\u0627\u0644\u062c\u0646\u0648\u0628 \u0648\u0627\u0644\u0634\u0631\u0642 \u0648\u0627\u0644\u063a\u0631\u0628\u060c \u0648\u062a\u0631\u062a\u0643\u0632 \u0639\u0644\u0649 \u0641\u0647\u0645 \u0645\u0634\u062a\u0631\u0643 \u0644\u0644\u0622\u062b\u0627\u0631 \u0627\u0644\u0633\u0644\u0628\u064a\u0629 \u0644\u0644\u062a\u063a\u064a\u0631 \u0627\u0644\u0645\u0646\u0627\u062e\u064a \u0639\u0644\u0649 \u0633\u0643\u0627\u0646 \u0627\u0644\u0645\u0646\u0637\u0642\u0629 \u0627\u0644\u0645\u062a\u0648\u0633\u0637\u064a\u0629 \u0648\u0623\u0646\u0645\u0627\u0637 \u0639\u064a\u0634\u0647\u0645. \u0648\u064a\u062c\u0628 \u0623\u0646 \u062a\u0633\u062a\u0646\u062f \u0647\u0630\u0647 \u0627\u0644\u0623\u062c\u0646\u062f\u0629 \u0625\u0644\u0649 \u062a\u0645\u0648\u064a\u0644 \u064a\u062a\u064a\u062d \u0639\u0645\u0644\u0627\u064b \u0644\u0627 \u0645\u0631\u0643\u0632\u064a\u0627\u064b \u0648\u0645\u0646\u0633\u0642\u0627\u064b. \u0648\u0642\u062f \u062a\u0645 \u062a\u0637\u0648\u064a\u0631 \u062f\u064a\u0646\u0627\u0645\u064a\u0643\u064a\u0627\u062a \u0644\u0644\u062a\u0634\u0628\u064a\u0643 \u0648\u0627\u0644\u062a\u062c\u0645\u0639\u060c \u0644\u0627 \u0633\u064a\u0645\u0627 \u0645\u0646 \u062e\u0644\u0627\u0644 MedCOP\u060c \u0648\u064a\u062c\u0628 \u062f\u0639\u0645\u0647\u0627 \u0639\u0644\u0649 \u0627\u0644\u0645\u062f\u0649 \u0627\u0644\u0637\u0648\u064a\u0644. \u0648\u0641\u064a \u0647\u0630\u0627 \u0627\u0644\u0625\u0637\u0627\u0631\u060c \u0648\u0636\u0645\u0646 \u062e\u0637\u062a\u0647 \u0627\u0644\u0627\u0633\u062a\u0631\u0627\u062a\u064a\u062c\u064a\u0629\u060c \u064a\u0639\u062a\u0628\u0631 \u0645\u062c\u0644\u0633 \u062c\u0647\u0629 \u0637\u0646\u062c\u0629-\u062a\u0637\u0648\u0627\u0646-\u0627\u0644\u062d\u0633\u064a\u0645\u0629\u060c \u0628\u0634\u0631\u0627\u0643\u0629 \u0645\u0639 \u0645\u0624\u0633\u0633\u0629 \u062f\u0627\u0631 \u0627\u0644\u0645\u0646\u0627\u062e \u0627\u0644\u0645\u062a\u0648\u0633\u0637\u064a\u060c \u0623\u0646 \u0625\u062d\u064a\u0627\u0621 \u0645\u0633\u0627\u0631 MedCOP \u064a\u0645\u062b\u0644 \u0631\u0627\u0641\u0639\u0629 \u0623\u0633\u0627\u0633\u064a\u0629 \u0644\u062a\u0646\u0638\u064a\u0645 \u0625\u0637\u0627\u0631 \u0627\u0644\u062a\u0639\u0627\u0648\u0646 \u0628\u064a\u0646 \u0628\u0644\u062f\u0627\u0646 \u0636\u0641\u062a\u064a \u0627\u0644\u0645\u062a\u0648\u0633\u0637. \u0648\u0642\u062f \u0627\u0646\u0637\u0644\u0642\u062a \u0647\u0630\u0647 \u0627\u0644\u0645\u0628\u0627\u062f\u0631\u0629 \u0641\u064a \u0645\u0631\u0633\u064a\u0644\u064a\u0627 \u0633\u0646\u0629 2015 \u0645\u0646 \u0637\u0631\u0641 \u062c\u0647\u0629 \u062c\u0646\u0648\u0628 PACA\u060c \u0648\u062a\u0645 \u062a\u0639\u0632\u064a\u0632\u0647\u0627 \u0641\u064a \u0637\u0646\u062c\u0629 \u0633\u0646\u0629 2016 \u0645\u0646 \u0637\u0631\u0641 \u062c\u0647\u0629 \u0637\u0646\u062c\u0629-\u062a\u0637\u0648\u0627\u0646-\u0627\u0644\u062d\u0633\u064a\u0645\u0629\u060c \u062d\u064a\u062b \u062a\u0645 \u0628\u0646\u0627\u0621 \u062a\u0635\u0648\u0631 \u0645\u0633\u0627\u0631 MedCOP \u0639\u0644\u0649 \u062b\u0644\u0627\u062b\u0629 \u0623\u0633\u0628\u0627\u0628 \u0631\u0626\u064a\u0633\u064a\u0629 \u0648\u0645\u062a\u0643\u0627\u0645\u0644\u0629:<\/span><\/p><p><span style=\"color: #000000;\"><span style=\"color: #ff9900;\">\u062d\u0627\u0644\u0629 \u0637\u0648\u0627\u0631\u0626 \u0645\u0646\u0627\u062e\u064a\u0629 <\/span>: \u062a\u0634\u064a\u0631 \u062a\u0642\u0627\u0631\u064a\u0631 \u0627\u0644\u0647\u064a\u0626\u0629 \u0627\u0644\u062d\u0643\u0648\u0645\u064a\u0629 \u0627\u0644\u062f\u0648\u0644\u064a\u0629 \u0627\u0644\u0645\u0639\u0646\u064a\u0629 \u0628\u062a\u063a\u064a\u0631 \u0627\u0644\u0645\u0646\u0627\u062e (IPCC) \u0625\u0644\u0649 \u0623\u0646 \u0645\u0646\u0637\u0642\u0629 \u0627\u0644\u0628\u062d\u0631 \u0627\u0644\u0623\u0628\u064a\u0636 \u0627\u0644\u0645\u062a\u0648\u0633\u0637 \u062a\u064f\u0639\u062f \u0646\u0642\u0637\u0629 \u0633\u0627\u062e\u0646\u0629 \u0644\u0644\u062a\u063a\u064a\u0631 \u0627\u0644\u0645\u0646\u0627\u062e\u064a\u060c \u062d\u064a\u062b \u0633\u064a\u0624\u062f\u064a \u0627\u0644\u0627\u0631\u062a\u0641\u0627\u0639 \u0627\u0644\u0645\u062a\u0648\u0642\u0639 \u0641\u064a \u0645\u062a\u0648\u0633\u0637 \u062f\u0631\u062c\u0627\u062a \u0627\u0644\u062d\u0631\u0627\u0631\u0629 \u0627\u0644\u0633\u0646\u0648\u064a\u0629 \u0625\u0644\u0649 \u062a\u0623\u062b\u064a\u0631 \u0643\u0628\u064a\u0631 \u0639\u0644\u0649 \u0627\u0644\u0645\u0648\u0627\u0631\u062f \u0627\u0644\u0637\u0628\u064a\u0639\u064a\u0629 \u0648\u0627\u0644\u0623\u0646\u0634\u0637\u0629 \u0627\u0644\u0628\u0634\u0631\u064a\u0629. \u0643\u0645\u0627 \u064a\u0641\u0627\u0642\u0645 \u0627\u0644\u062a\u063a\u064a\u0631 \u0627\u0644\u0645\u0646\u0627\u062e\u064a \u0627\u0644\u0647\u0634\u0627\u0634\u0629 \u0627\u0644\u0628\u064a\u0626\u064a\u0629 (\u0627\u0644\u062a\u0639\u0631\u064a\u0629\u060c \u0627\u0644\u062a\u0635\u062d\u0631\u060c \u0646\u062f\u0631\u0629 \u0627\u0644\u0645\u064a\u0627\u0647\u060c \u062a\u0645\u0644\u062d \u0627\u0644\u062a\u0631\u0628\u0629\u060c \u0625\u0644\u062e) \u0648\u0627\u0644\u0647\u0634\u0627\u0634\u0629 \u0627\u0644\u0627\u062c\u062a\u0645\u0627\u0639\u064a\u0629 \u0648\u0627\u0644\u0627\u0642\u062a\u0635\u0627\u062f\u064a\u0629 (\u0627\u0644\u0641\u0642\u0631 \u0648\u0636\u0639\u0641 \u0627\u0644\u062a\u0646\u0645\u064a\u0629) \u0641\u064a \u0647\u0630\u0647 \u0627\u0644\u0645\u0646\u0637\u0642\u0629.<\/span><\/p><p><span style=\"color: #000000;\"><span style=\"color: #ff9900;\">\u0641\u0639\u0627\u0644\u064a\u0629 \u0627\u0644\u062f\u064a\u0646\u0627\u0645\u064a\u0627\u062a \u0627\u0644\u062a\u0631\u0627\u0628\u064a\u0629 \u0641\u064a \u0627\u0644\u0639\u0645\u0644 \u0627\u0644\u0645\u0646\u0627\u062e\u064a<\/span> : \u0625\u0644\u0649 \u062c\u0627\u0646\u0628 \u0627\u0633\u062a\u0631\u0627\u062a\u064a\u062c\u064a\u0627\u062a \u0627\u0644\u062a\u062e\u0641\u064a\u0641 \u0648\u0627\u0644\u062a\u0643\u064a\u0641 \u0627\u0644\u062a\u064a \u0642\u0627\u0645\u062a \u0643\u0644 \u062f\u0648\u0644\u0629 \u0628\u0648\u0636\u0639\u0647\u0627 \u0648\u0628\u062f\u0623\u062a \u0641\u064a \u062a\u0646\u0641\u064a\u0630\u0647\u0627\u060c \u0641\u0625\u0646 \u062d\u062c\u0645 \u062a\u062d\u062f\u064a\u0627\u062a \u0627\u0644\u062a\u063a\u064a\u0631 \u0627\u0644\u0645\u0646\u0627\u062e\u064a\u060c \u0648\u0627\u0644\u062a\u0631\u0627\u0628\u0637 \u0628\u064a\u0646 \u0633\u0643\u0627\u0646 \u0627\u0644\u0636\u0641\u062a\u064a\u0646\u060c \u0648\u0625\u0645\u0643\u0627\u0646\u064a\u0629 \u062a\u0643\u0631\u0627\u0631 \u0627\u0644\u062d\u0644\u0648\u0644 \u0644\u0645\u0634\u0627\u0643\u0644 \u0645\u062a\u0634\u0627\u0628\u0647\u0629\u060c \u062a\u062a\u0637\u0644\u0628 \u062a\u0646\u0633\u064a\u0642 \u0627\u0644\u062c\u0647\u0648\u062f \u0648\u0627\u0644\u0639\u0645\u0644 \u0627\u0644\u0645\u0634\u062a\u0631\u0643\u060c \u0625\u0636\u0627\u0641\u0629 \u0625\u0644\u0649 \u062a\u0628\u0627\u062f\u0644 \u0623\u0641\u0636\u0644 \u0627\u0644\u0645\u0645\u0627\u0631\u0633\u0627\u062a \u0628\u064a\u0646 \u062c\u0645\u064a\u0639 \u0627\u0644\u0641\u0627\u0639\u0644\u064a\u0646 \u0639\u0644\u0649 \u0627\u0644\u0636\u0641\u062a\u064a\u0646.<\/span><\/p><p><span style=\"color: #000000;\"><span style=\"color: #ff9900;\">\u0641\u0631\u0635\u0629 \u0644\u062a\u0639\u0632\u064a\u0632 \u0627\u0644\u062a\u0639\u0627\u0648\u0646 \u0627\u0644\u0645\u062a\u0648\u0633\u0637\u064a \u0627\u0644\u0645\u062d\u0644\u064a \u0648\u0645\u062a\u0639\u062f\u062f \u0627\u0644\u0645\u0633\u062a\u0648\u064a\u0627\u062a<\/span> : \u0641\u064a \u0647\u0630\u0627 \u0627\u0644\u0633\u064a\u0627\u0642\u060c \u064a\u064f\u0646\u0638\u0631 \u0625\u0644\u0649 \u0627\u0644\u062a\u063a\u064a\u0631 \u0627\u0644\u0645\u0646\u0627\u062e\u064a \u0643\u0639\u0627\u0645\u0644 \u0625\u0636\u0627\u0641\u064a \u064a\u062f\u0641\u0639 \u0625\u0644\u0649 \u062a\u0643\u062b\u064a\u0641 \u0627\u0644\u062c\u0647\u0648\u062f \u0627\u0644\u062c\u0645\u0627\u0639\u064a\u0629 \u0641\u064a \u0645\u062c\u0627\u0644\u0627\u062a \u0627\u0644\u062d\u0648\u0627\u0631 \u0648\u0627\u0644\u062a\u0639\u0627\u0648\u0646 \u0648\u0627\u0644\u062a\u0636\u0627\u0645\u0646 \u0628\u064a\u0646 \u062f\u0648\u0644 \u0627\u0644\u0628\u062d\u0631 \u0627\u0644\u0623\u0628\u064a\u0636 \u0627\u0644\u0645\u062a\u0648\u0633\u0637 \u0645\u0646 \u0623\u062c\u0644 \u062a\u0639\u0627\u0648\u0646 \u0645\u062a\u0639\u062f\u062f \u0627\u0644\u0645\u0633\u062a\u0648\u064a\u0627\u062a (\u0627\u0644\u0627\u062a\u062d\u0627\u062f \u0645\u0646 \u0623\u062c\u0644 \u0627\u0644\u0645\u062a\u0648\u0633\u0637\u060c \u062d\u0648\u0627\u0631 5+5\u060c \u0627\u0644\u062a\u0639\u0627\u0648\u0646 \u0627\u0644\u0644\u0627\u0645\u0631\u0643\u0632\u064a\u060c \u0625\u0644\u062e). \u0643\u0645\u0627 \u064a\u0639\u0632\u0632 \u0630\u0644\u0643 \u0645\u0646 \u0636\u0631\u0648\u0631\u0629 \u062c\u0639\u0644 \u0647\u0630\u0647 \u201c\u0627\u0644\u062a\u0639\u0627\u0648\u0646\u0627\u062a\u201d \u0623\u0643\u062b\u0631 \u0639\u0645\u0644\u064a\u0629 \u0648\u062a\u0642\u0627\u0631\u0628\u0627\u064b \u0648\u062a\u0643\u0627\u0645\u0644\u0627\u064b.<\/span><\/p>\t\t\t\t\t\t\t\t<\/div>\n\t\t\t\t<\/div>\n\t\t\t\t\t<\/div>\n\t\t<\/div>\n\t\t\t\t\t<\/div>\n\t\t<\/section>\n\t\t\t\t<section class=\"elementor-section elementor-top-section elementor-element elementor-element-2698e3d elementor-section-boxed elementor-section-height-default elementor-section-height-default\" data-id=\"2698e3d\" data-element_type=\"section\" data-e-type=\"section\">\n\t\t\t\t\t\t<div class=\"elementor-container elementor-column-gap-default\">\n\t\t\t\t\t<div class=\"elementor-column elementor-col-100 elementor-top-column elementor-element elementor-element-653d714\" data-id=\"653d714\" data-element_type=\"column\" data-e-type=\"column\">\n\t\t\t<div class=\"elementor-widget-wrap elementor-element-populated\">\n\t\t\t\t\t\t<div class=\"elementor-element elementor-element-c7322c0 elementor-align-center elementor-widget elementor-widget-button\" data-id=\"c7322c0\" data-element_type=\"widget\" data-e-type=\"widget\" data-widget_type=\"button.default\">\n\t\t\t\t<div class=\"elementor-widget-container\">\n\t\t\t\t\t\t\t\t\t<div class=\"elementor-button-wrapper\">\n\t\t\t\t\t<a class=\"elementor-button elementor-button-link elementor-size-sm\" href=\"https:\/\/www.medcop.ma\/\" target=\"_blank\" rel=\"noopener\">\n\t\t\t\t\t\t<span class=\"elementor-button-content-wrapper\">\n\t\t\t\t\t\t\t\t\t<span class=\"elementor-button-text\">\u0627\u0644\u0645\u0648\u0642\u0639 \u0627\u0644\u0625\u0644\u0643\u062a\u0631\u0648\u0646\u064a<\/span>\n\t\t\t\t\t<\/span>\n\t\t\t\t\t<\/a>\n\t\t\t\t<\/div>\n\t\t\t\t\t\t\t\t<\/div>\n\t\t\t\t<\/div>\n\t\t\t\t\t<\/div>\n\t\t<\/div>\n\t\t\t\t\t<\/div>\n\t\t<\/section>\n\t\t\t\t<\/div>","protected":false},"excerpt":{"rendered":"<p>R\u00e9union des territoires m\u00e9diterran\u00e9ens pour l&rsquo;action climatique https:\/\/www.youtube.com\/watch?v=QkEcs-8ZgDI Contexte Dans le but de soutenir le processus de lutte contre le changement climatique, des strat\u00e9gies int\u00e9gr\u00e9es ont \u00e9t\u00e9 mises en place au niveau des bassins. La r\u00e9gion m\u00e9diterran\u00e9enne est riche en acteurs actifs dans la lutte [&hellip;]<\/p>\n","protected":false},"author":1,"featured_media":0,"parent":0,"menu_order":0,"comment_status":"closed","ping_status":"closed","template":"","meta":{"footnotes":""},"class_list":["post-10301","page","type-page","status-publish","hentry"],"_links":{"self":[{"href":"https:\/\/medclimatehouse.org\/ar\/wp-json\/wp\/v2\/pages\/10301","targetHints":{"allow":["GET"]}}],"collection":[{"href":"https:\/\/medclimatehouse.org\/ar\/wp-json\/wp\/v2\/pages"}],"about":[{"href":"https:\/\/medclimatehouse.org\/ar\/wp-json\/wp\/v2\/types\/page"}],"author":[{"embeddable":true,"href":"https:\/\/medclimatehouse.org\/ar\/wp-json\/wp\/v2\/users\/1"}],"replies":[{"embeddable":true,"href":"https:\/\/medclimatehouse.org\/ar\/wp-json\/wp\/v2\/comments?post=10301"}],"version-history":[{"count":35,"href":"https:\/\/medclimatehouse.org\/ar\/wp-json\/wp\/v2\/pages\/10301\/revisions"}],"predecessor-version":[{"id":10337,"href":"https:\/\/medclimatehouse.org\/ar\/wp-json\/wp\/v2\/pages\/10301\/revisions\/10337"}],"wp:attachment":[{"href":"https:\/\/medclimatehouse.org\/ar\/wp-json\/wp\/v2\/media?parent=10301"}],"curies":[{"name":"wp","href":"https:\/\/api.w.org\/{rel}","templated":true}]}}