{"id":9251,"date":"2022-12-28T13:44:40","date_gmt":"2022-12-28T13:44:40","guid":{"rendered":"http:\/\/medclimatehouse.org\/?page_id=9251"},"modified":"2026-03-25T21:32:39","modified_gmt":"2026-03-25T21:32:39","slug":"notre-impact","status":"publish","type":"page","link":"https:\/\/medclimatehouse.org\/ar\/notre-impact\/","title":{"rendered":"\u0623\u0647\u062f\u0627\u0641\u0646\u0627"},"content":{"rendered":"<div data-elementor-type=\"wp-page\" data-elementor-id=\"9251\" class=\"elementor elementor-9251\">\n\t\t\t\t\t\t<section class=\"elementor-section elementor-top-section elementor-element elementor-element-e48072c elementor-section-stretched elementor-section-boxed elementor-section-height-default elementor-section-height-default\" data-id=\"e48072c\" data-element_type=\"section\" data-e-type=\"section\" data-settings=\"{&quot;background_background&quot;:&quot;classic&quot;,&quot;stretch_section&quot;:&quot;section-stretched&quot;}\">\n\t\t\t\t\t\t<div class=\"elementor-container elementor-column-gap-default\">\n\t\t\t\t\t<div class=\"elementor-column elementor-col-66 elementor-top-column elementor-element elementor-element-d2873aa\" data-id=\"d2873aa\" data-element_type=\"column\" data-e-type=\"column\">\n\t\t\t<div class=\"elementor-widget-wrap elementor-element-populated\">\n\t\t\t\t\t\t<div class=\"elementor-element elementor-element-0f55c6a elementor-widget elementor-widget-heading\" data-id=\"0f55c6a\" data-element_type=\"widget\" data-e-type=\"widget\" data-widget_type=\"heading.default\">\n\t\t\t\t<div class=\"elementor-widget-container\">\n\t\t\t\t\t<h4 class=\"elementor-heading-title elementor-size-default\">\u0623\u0647\u062f\u0627\u0641\u0646\u0627<\/h4>\t\t\t\t<\/div>\n\t\t\t\t<\/div>\n\t\t\t\t<div class=\"elementor-element elementor-element-666306e elementor-widget elementor-widget-text-editor\" data-id=\"666306e\" data-element_type=\"widget\" data-e-type=\"widget\" data-widget_type=\"text-editor.default\">\n\t\t\t\t<div class=\"elementor-widget-container\">\n\t\t\t\t\t\t\t\t\t<p>\u0627\u0644\u0645\u0634\u0627\u0631\u0643\u0629 \u0641\u064a \u0627\u0644\u0645\u0641\u0627\u0648\u0636\u0627\u062a \u0627\u0644\u0645\u062a\u0639\u0644\u0642\u0629 \u0628\u0627\u0644\u0645\u0646\u0627\u062e \u0641\u064a \u0645\u0646\u0637\u0642\u0629 \u0627\u0644\u0628\u062d\u0631 \u0627\u0644\u0623\u0628\u064a\u0636 \u0627\u0644\u0645\u062a\u0648\u0633\u0637<\/p><p>\u0627\u0644\u0645\u0633\u0627\u0647\u0645\u0629 \u0641\u064a \u062a\u0648\u0639\u064a\u0629 \u0635\u0646\u0627\u0639 \u0627\u0644\u0642\u0631\u0627\u0631 \u062d\u0648\u0644 \u0627\u0644\u0628\u062d\u0631 \u0627\u0644\u0623\u0628\u064a\u0636 \u0627\u0644\u0645\u062a\u0648\u0633\u0637 \u060c \u0648 \u062d\u0648\u0644 \u0627\u0644\u0642\u0636\u0627\u064a\u0627 \u0627\u0644\u0631\u0626\u064a\u0633\u064a\u0629 \u0627\u0644\u0645\u062a\u0639\u0644\u0642\u0629 \u0628\u062a\u063a\u064a\u0631 \u0627\u0644\u0645\u0646\u0627\u062e \u0639\u0644\u0649 \u0627\u0644\u0645\u0633\u062a\u0648\u0649 \u0627\u0644\u0645\u062d\u0644\u064a \u061b<\/p><p>\u062a\u0639\u0632\u064a\u0632 \u0627\u0644\u0634\u0631\u0627\u0643\u0627\u062a \u0648\u0627\u0644\u062a\u0639\u0627\u0648\u0646 \u0648\u0627\u0644\u0631\u0628\u0637 \u0627\u0644\u0634\u0628\u0643\u064a \u0641\u064a \u0645\u0646\u0637\u0642\u0629 \u0627\u0644\u0628\u062d\u0631 \u0627\u0644\u0623\u0628\u064a\u0636 \u0627\u0644\u0645\u062a\u0648\u0633\u0637 \u061b<\/p><p>\u062a\u0639\u0632\u064a\u0632 \u0642\u062f\u0631\u0627\u062a \u0627\u0644\u0633\u0644\u0637\u0627\u062a \u0627\u0644\u0645\u062d\u0644\u064a\u0629 \u0648\u0627\u0644\u062c\u0647\u0627\u062a \u0627\u0644\u0641\u0627\u0639\u0644\u0629 \u063a\u064a\u0631 \u0627\u0644\u062d\u0643\u0648\u0645\u064a\u0629 \u0644\u0627\u0639\u062a\u0645\u0627\u062f \u0646\u0647\u062c \u0641\u0639\u0627\u0644 \u0641\u064a \u0627\u0644\u0639\u0645\u0644 \u0627\u0644\u0645\u0646\u0627\u062e\u064a  \u061b<\/p><p>\u0628\u062f\u0621 \u0648\u062a\u0646\u0641\u064a\u0630 \u0645\u0634\u0627\u0631\u064a\u0639 \u0648\u0625\u062c\u0631\u0627\u0621 \u0627\u062a \u062a\u0647\u062f\u0641 \u0625\u0644\u0649 \u0627\u0644\u062a\u0643\u064a\u0641 \u0645\u0639 \u062a\u063a\u064a\u0631 \u0627\u0644\u0645\u0646\u0627\u062e \u0648 \u0627\u0644\u062a\u062e\u0641\u064a\u0641 \u0645\u0646 \u062d\u062f\u062a\u0647 \u0648 \u0628\u0646\u0627\u0621 \u0627\u0644\u0642\u062f\u0631\u0629 \u0639\u0644\u0649 \u0627\u0644\u0635\u0645\u0648\u062f \u0623\u0645\u0627\u0645 \u0627\u0644\u062a\u063a\u0631\u064a\u0627\u062a \u061b<\/p>\t\t\t\t\t\t\t\t<\/div>\n\t\t\t\t<\/div>\n\t\t\t\t\t<\/div>\n\t\t<\/div>\n\t\t\t\t<div class=\"elementor-column elementor-col-33 elementor-top-column elementor-element elementor-element-12308b0\" data-id=\"12308b0\" data-element_type=\"column\" data-e-type=\"column\" data-settings=\"{&quot;background_background&quot;:&quot;classic&quot;}\">\n\t\t\t<div class=\"elementor-widget-wrap elementor-element-populated\">\n\t\t\t\t\t\t<div class=\"elementor-element elementor-element-723e585 elementor-widget elementor-widget-spacer\" data-id=\"723e585\" data-element_type=\"widget\" data-e-type=\"widget\" data-widget_type=\"spacer.default\">\n\t\t\t\t<div class=\"elementor-widget-container\">\n\t\t\t\t\t\t\t<div class=\"elementor-spacer\">\n\t\t\t<div class=\"elementor-spacer-inner\"><\/div>\n\t\t<\/div>\n\t\t\t\t\t\t<\/div>\n\t\t\t\t<\/div>\n\t\t\t\t\t<\/div>\n\t\t<\/div>\n\t\t\t\t\t<\/div>\n\t\t<\/section>\n\t\t\t\t<\/div>","protected":false},"excerpt":{"rendered":"<p>Notre impact Participer au plaidoyer et aux n\u00e9gociations climatiques en faveur de la M\u00e9diterran\u00e9e. Contribuer \u00e0 l\u2019\u00e9clairage des d\u00e9cideurs, au niveau des collectivit\u00e9s territoriales du pourtour m\u00e9diterran\u00e9en, sur les principales questions li\u00e9es au changement climatique. Promouvoir les partenariats, les coop\u00e9rations et la mise en r\u00e9seau [&hellip;]<\/p>\n","protected":false},"author":1,"featured_media":0,"parent":0,"menu_order":0,"comment_status":"closed","ping_status":"closed","template":"","meta":{"footnotes":""},"class_list":["post-9251","page","type-page","status-publish","hentry"],"_links":{"self":[{"href":"https:\/\/medclimatehouse.org\/ar\/wp-json\/wp\/v2\/pages\/9251","targetHints":{"allow":["GET"]}}],"collection":[{"href":"https:\/\/medclimatehouse.org\/ar\/wp-json\/wp\/v2\/pages"}],"about":[{"href":"https:\/\/medclimatehouse.org\/ar\/wp-json\/wp\/v2\/types\/page"}],"author":[{"embeddable":true,"href":"https:\/\/medclimatehouse.org\/ar\/wp-json\/wp\/v2\/users\/1"}],"replies":[{"embeddable":true,"href":"https:\/\/medclimatehouse.org\/ar\/wp-json\/wp\/v2\/comments?post=9251"}],"version-history":[{"count":1,"href":"https:\/\/medclimatehouse.org\/ar\/wp-json\/wp\/v2\/pages\/9251\/revisions"}],"predecessor-version":[{"id":10292,"href":"https:\/\/medclimatehouse.org\/ar\/wp-json\/wp\/v2\/pages\/9251\/revisions\/10292"}],"wp:attachment":[{"href":"https:\/\/medclimatehouse.org\/ar\/wp-json\/wp\/v2\/media?parent=9251"}],"curies":[{"name":"wp","href":"https:\/\/api.w.org\/{rel}","templated":true}]}}