{"id":10301,"date":"2026-03-25T21:44:10","date_gmt":"2026-03-25T21:44:10","guid":{"rendered":"https:\/\/medclimatehouse.org\/?page_id=10301"},"modified":"2026-03-25T22:00:05","modified_gmt":"2026-03-25T22:00:05","slug":"medcop","status":"publish","type":"page","link":"https:\/\/medclimatehouse.org\/en\/medcop\/","title":{"rendered":"MEDCOP"},"content":{"rendered":"<div data-elementor-type=\"wp-page\" data-elementor-id=\"10301\" class=\"elementor elementor-10301\">\n\t\t\t\t\t\t<section class=\"elementor-section elementor-top-section elementor-element elementor-element-dac9874 elementor-section-boxed elementor-section-height-default elementor-section-height-default\" data-id=\"dac9874\" data-element_type=\"section\" data-e-type=\"section\">\n\t\t\t\t\t\t<div class=\"elementor-container elementor-column-gap-default\">\n\t\t\t\t\t<div class=\"elementor-column elementor-col-100 elementor-top-column elementor-element elementor-element-28c3ade\" data-id=\"28c3ade\" data-element_type=\"column\" data-e-type=\"column\">\n\t\t\t<div class=\"elementor-widget-wrap elementor-element-populated\">\n\t\t\t\t\t\t<div class=\"elementor-element elementor-element-2a1a920 elementor-widget elementor-widget-heading\" data-id=\"2a1a920\" data-element_type=\"widget\" data-e-type=\"widget\" data-widget_type=\"heading.default\">\n\t\t\t\t<div class=\"elementor-widget-container\">\n\t\t\t\t\t<h2 class=\"elementor-heading-title elementor-size-default\">Mediterranean Territories Meeting for Climate Action<\/h2>\t\t\t\t<\/div>\n\t\t\t\t<\/div>\n\t\t\t\t\t<\/div>\n\t\t<\/div>\n\t\t\t\t\t<\/div>\n\t\t<\/section>\n\t\t\t\t<section class=\"elementor-section elementor-top-section elementor-element elementor-element-5b1a6df elementor-section-boxed elementor-section-height-default elementor-section-height-default\" data-id=\"5b1a6df\" data-element_type=\"section\" data-e-type=\"section\">\n\t\t\t\t\t\t<div class=\"elementor-container elementor-column-gap-default\">\n\t\t\t\t\t<div class=\"elementor-column elementor-col-100 elementor-top-column elementor-element elementor-element-5c89397\" data-id=\"5c89397\" data-element_type=\"column\" data-e-type=\"column\">\n\t\t\t<div class=\"elementor-widget-wrap elementor-element-populated\">\n\t\t\t\t\t\t<div class=\"elementor-element elementor-element-ab563d2 elementor-widget elementor-widget-video\" data-id=\"ab563d2\" data-element_type=\"widget\" data-e-type=\"widget\" data-settings=\"{&quot;youtube_url&quot;:&quot;https:\\\/\\\/www.youtube.com\\\/watch?v=QkEcs-8ZgDI&quot;,&quot;video_type&quot;:&quot;youtube&quot;,&quot;controls&quot;:&quot;yes&quot;}\" data-widget_type=\"video.default\">\n\t\t\t\t<div class=\"elementor-widget-container\">\n\t\t\t\t\t\t\t<div class=\"elementor-wrapper elementor-open-inline\">\n\t\t\t<div class=\"elementor-video\"><\/div>\t\t<\/div>\n\t\t\t\t\t\t<\/div>\n\t\t\t\t<\/div>\n\t\t\t\t\t<\/div>\n\t\t<\/div>\n\t\t\t\t\t<\/div>\n\t\t<\/section>\n\t\t\t\t<section class=\"elementor-section elementor-top-section elementor-element elementor-element-3f3848b elementor-section-boxed elementor-section-height-default elementor-section-height-default\" data-id=\"3f3848b\" data-element_type=\"section\" data-e-type=\"section\">\n\t\t\t\t\t\t<div class=\"elementor-container elementor-column-gap-default\">\n\t\t\t\t\t<div class=\"elementor-column elementor-col-100 elementor-top-column elementor-element elementor-element-4944722\" data-id=\"4944722\" data-element_type=\"column\" data-e-type=\"column\">\n\t\t\t<div class=\"elementor-widget-wrap elementor-element-populated\">\n\t\t\t\t\t\t<div class=\"elementor-element elementor-element-e460bf5 elementor-widget elementor-widget-text-editor\" data-id=\"e460bf5\" data-element_type=\"widget\" data-e-type=\"widget\" data-widget_type=\"text-editor.default\">\n\t\t\t\t<div class=\"elementor-widget-container\">\n\t\t\t\t\t\t\t\t\t<h2><span style=\"color: #000080;\"><strong>Context<\/strong><\/span><\/h2><p><span style=\"color: #000000;\">In order to support the process of combating climate change, integrated strategies have been implemented at basin levels. The Mediterranean region is rich in active stakeholders engaged in the fight against climate change and capable of supporting the implementation of NDCs (Nationally Determined Contributions), while also increasing the ambition of climate action. It is therefore necessary to intensify efforts to establish a common, shared, and collaborative agenda involving the North, South, East, and West, based on a shared understanding of the adverse effects of climate change on Mediterranean populations and their way of life. This agenda must be based on financing that enables decentralized and coordinated action. Networking and coalition-building dynamics have been developed, particularly with MedCOP, and must be sustained over time. Thus, as part of its strategic action plan, the Regional Council of Tangier-Tetouan-Al Hoceima, in partnership with the Mediterranean Climate House Foundation, considers the revival of the MedCOP process a major lever to structure the framework for cooperation between countries on both shores. Initiated in Marseille in 2015 by the South Region PACA and consolidated in Tangier in 2016 by the Tangier-Tetouan-Al Hoceima Region, the design of the MedCOP process was built around three major and converging reasons:<\/span><\/p><p><span style=\"color: #000000;\"><span style=\"color: #ff9900;\">A climate emergency <\/span>: Successive IPCC reports identify the Mediterranean as a climate change hotspot where the projected increase in average annual temperature will have a considerable impact on natural resources and human activities. Climate change exacerbates ecological fragility (erosion, desertification, water scarcity, salinization, etc.) and socio-economic fragility (poverty and low development) in this region.<\/span><\/p><p><span style=\"color: #000000;\"><span style=\"color: #ff9900;\">The efficiency of territorial dynamics in climate action<\/span> : Beyond mitigation and adaptation strategies that each country has already designed and started to implement, the scale of climate challenges, the interdependence affecting populations on both shores, and the possibility of replicating solutions to similar problems require synergy of efforts and actions, as well as the exchange of best practices among all stakeholders on both sides.<\/span><\/p><p><span style=\"color: #000000;\"><span style=\"color: #ff9900;\">The opportunity for strengthened local and multi-level Mediterranean cooperation<\/span> : In this context, climate change is seen as an additional factor driving the need to intensify collective efforts in dialogue, cooperation, and solidarity among Mediterranean countries for multi-level cooperation (UfM, 5+5 Dialogue, decentralized cooperation, etc.). It reinforces the urgency of making these \u201ccooperations\u201d more operational, closer, and more integrated.<\/span><\/p>\t\t\t\t\t\t\t\t<\/div>\n\t\t\t\t<\/div>\n\t\t\t\t\t<\/div>\n\t\t<\/div>\n\t\t\t\t\t<\/div>\n\t\t<\/section>\n\t\t\t\t<section class=\"elementor-section elementor-top-section elementor-element elementor-element-2698e3d elementor-section-boxed elementor-section-height-default elementor-section-height-default\" data-id=\"2698e3d\" data-element_type=\"section\" data-e-type=\"section\">\n\t\t\t\t\t\t<div class=\"elementor-container elementor-column-gap-default\">\n\t\t\t\t\t<div class=\"elementor-column elementor-col-100 elementor-top-column elementor-element elementor-element-653d714\" data-id=\"653d714\" data-element_type=\"column\" data-e-type=\"column\">\n\t\t\t<div class=\"elementor-widget-wrap elementor-element-populated\">\n\t\t\t\t\t\t<div class=\"elementor-element elementor-element-c7322c0 elementor-align-center elementor-widget elementor-widget-button\" data-id=\"c7322c0\" data-element_type=\"widget\" data-e-type=\"widget\" data-widget_type=\"button.default\">\n\t\t\t\t<div class=\"elementor-widget-container\">\n\t\t\t\t\t\t\t\t\t<div class=\"elementor-button-wrapper\">\n\t\t\t\t\t<a class=\"elementor-button elementor-button-link elementor-size-sm\" href=\"https:\/\/www.medcop.ma\/\" target=\"_blank\" rel=\"noopener\">\n\t\t\t\t\t\t<span class=\"elementor-button-content-wrapper\">\n\t\t\t\t\t\t\t\t\t<span class=\"elementor-button-text\">Website<\/span>\n\t\t\t\t\t<\/span>\n\t\t\t\t\t<\/a>\n\t\t\t\t<\/div>\n\t\t\t\t\t\t\t\t<\/div>\n\t\t\t\t<\/div>\n\t\t\t\t\t<\/div>\n\t\t<\/div>\n\t\t\t\t\t<\/div>\n\t\t<\/section>\n\t\t\t\t<\/div>","protected":false},"excerpt":{"rendered":"<p>R\u00e9union des territoires m\u00e9diterran\u00e9ens pour l&rsquo;action climatique https:\/\/www.youtube.com\/watch?v=QkEcs-8ZgDI Contexte Dans le but de soutenir le processus de lutte contre le changement climatique, des strat\u00e9gies int\u00e9gr\u00e9es ont \u00e9t\u00e9 mises en place au niveau des bassins. La r\u00e9gion m\u00e9diterran\u00e9enne est riche en acteurs actifs dans la lutte [&hellip;]<\/p>\n","protected":false},"author":1,"featured_media":0,"parent":0,"menu_order":0,"comment_status":"closed","ping_status":"closed","template":"","meta":{"footnotes":""},"class_list":["post-10301","page","type-page","status-publish","hentry"],"_links":{"self":[{"href":"https:\/\/medclimatehouse.org\/en\/wp-json\/wp\/v2\/pages\/10301","targetHints":{"allow":["GET"]}}],"collection":[{"href":"https:\/\/medclimatehouse.org\/en\/wp-json\/wp\/v2\/pages"}],"about":[{"href":"https:\/\/medclimatehouse.org\/en\/wp-json\/wp\/v2\/types\/page"}],"author":[{"embeddable":true,"href":"https:\/\/medclimatehouse.org\/en\/wp-json\/wp\/v2\/users\/1"}],"replies":[{"embeddable":true,"href":"https:\/\/medclimatehouse.org\/en\/wp-json\/wp\/v2\/comments?post=10301"}],"version-history":[{"count":35,"href":"https:\/\/medclimatehouse.org\/en\/wp-json\/wp\/v2\/pages\/10301\/revisions"}],"predecessor-version":[{"id":10337,"href":"https:\/\/medclimatehouse.org\/en\/wp-json\/wp\/v2\/pages\/10301\/revisions\/10337"}],"wp:attachment":[{"href":"https:\/\/medclimatehouse.org\/en\/wp-json\/wp\/v2\/media?parent=10301"}],"curies":[{"name":"wp","href":"https:\/\/api.w.org\/{rel}","templated":true}]}}