{"id":9251,"date":"2022-12-28T13:44:40","date_gmt":"2022-12-28T13:44:40","guid":{"rendered":"http:\/\/medclimatehouse.org\/?page_id=9251"},"modified":"2026-03-25T21:32:39","modified_gmt":"2026-03-25T21:32:39","slug":"notre-impact","status":"publish","type":"page","link":"https:\/\/medclimatehouse.org\/en\/notre-impact\/","title":{"rendered":"Our goals"},"content":{"rendered":"<div data-elementor-type=\"wp-page\" data-elementor-id=\"9251\" class=\"elementor elementor-9251\">\n\t\t\t\t\t\t<section class=\"elementor-section elementor-top-section elementor-element elementor-element-e48072c elementor-section-stretched elementor-section-boxed elementor-section-height-default elementor-section-height-default\" data-id=\"e48072c\" data-element_type=\"section\" data-e-type=\"section\" data-settings=\"{&quot;background_background&quot;:&quot;classic&quot;,&quot;stretch_section&quot;:&quot;section-stretched&quot;}\">\n\t\t\t\t\t\t<div class=\"elementor-container elementor-column-gap-default\">\n\t\t\t\t\t<div class=\"elementor-column elementor-col-66 elementor-top-column elementor-element elementor-element-d2873aa\" data-id=\"d2873aa\" data-element_type=\"column\" data-e-type=\"column\">\n\t\t\t<div class=\"elementor-widget-wrap elementor-element-populated\">\n\t\t\t\t\t\t<div class=\"elementor-element elementor-element-0f55c6a elementor-widget elementor-widget-heading\" data-id=\"0f55c6a\" data-element_type=\"widget\" data-e-type=\"widget\" data-widget_type=\"heading.default\">\n\t\t\t\t<div class=\"elementor-widget-container\">\n\t\t\t\t\t<h4 class=\"elementor-heading-title elementor-size-default\">Our goals<\/h4>\t\t\t\t<\/div>\n\t\t\t\t<\/div>\n\t\t\t\t<div class=\"elementor-element elementor-element-666306e elementor-widget elementor-widget-text-editor\" data-id=\"666306e\" data-element_type=\"widget\" data-e-type=\"widget\" data-widget_type=\"text-editor.default\">\n\t\t\t\t<div class=\"elementor-widget-container\">\n\t\t\t\t\t\t\t\t\t<p>Participate in advocacy and climate negotiations in the Mediterranean region.<\/p><p>Contribute to enlightening decision- makers around the Mediterranean, on main issues related to climate change at the local level.<\/p><p>Promote partnerships, cooperation and networking in the Mediterranean area;<\/p><p>Strengthen the capacities of local authorities and non-state actors to adopt effective approaches in their climate action.<\/p><p>Initiate and implement projects and actions to adapt, mitigate or build resilience to climate change.<\/p>\t\t\t\t\t\t\t\t<\/div>\n\t\t\t\t<\/div>\n\t\t\t\t\t<\/div>\n\t\t<\/div>\n\t\t\t\t<div class=\"elementor-column elementor-col-33 elementor-top-column elementor-element elementor-element-12308b0\" data-id=\"12308b0\" data-element_type=\"column\" data-e-type=\"column\" data-settings=\"{&quot;background_background&quot;:&quot;classic&quot;}\">\n\t\t\t<div class=\"elementor-widget-wrap elementor-element-populated\">\n\t\t\t\t\t\t<div class=\"elementor-element elementor-element-723e585 elementor-widget elementor-widget-spacer\" data-id=\"723e585\" data-element_type=\"widget\" data-e-type=\"widget\" data-widget_type=\"spacer.default\">\n\t\t\t\t<div class=\"elementor-widget-container\">\n\t\t\t\t\t\t\t<div class=\"elementor-spacer\">\n\t\t\t<div class=\"elementor-spacer-inner\"><\/div>\n\t\t<\/div>\n\t\t\t\t\t\t<\/div>\n\t\t\t\t<\/div>\n\t\t\t\t\t<\/div>\n\t\t<\/div>\n\t\t\t\t\t<\/div>\n\t\t<\/section>\n\t\t\t\t<\/div>","protected":false},"excerpt":{"rendered":"<p>Notre impact Participer au plaidoyer et aux n\u00e9gociations climatiques en faveur de la M\u00e9diterran\u00e9e. Contribuer \u00e0 l\u2019\u00e9clairage des d\u00e9cideurs, au niveau des collectivit\u00e9s territoriales du pourtour m\u00e9diterran\u00e9en, sur les principales questions li\u00e9es au changement climatique. Promouvoir les partenariats, les coop\u00e9rations et la mise en r\u00e9seau [&hellip;]<\/p>\n","protected":false},"author":1,"featured_media":0,"parent":0,"menu_order":0,"comment_status":"closed","ping_status":"closed","template":"","meta":{"footnotes":""},"class_list":["post-9251","page","type-page","status-publish","hentry"],"_links":{"self":[{"href":"https:\/\/medclimatehouse.org\/en\/wp-json\/wp\/v2\/pages\/9251","targetHints":{"allow":["GET"]}}],"collection":[{"href":"https:\/\/medclimatehouse.org\/en\/wp-json\/wp\/v2\/pages"}],"about":[{"href":"https:\/\/medclimatehouse.org\/en\/wp-json\/wp\/v2\/types\/page"}],"author":[{"embeddable":true,"href":"https:\/\/medclimatehouse.org\/en\/wp-json\/wp\/v2\/users\/1"}],"replies":[{"embeddable":true,"href":"https:\/\/medclimatehouse.org\/en\/wp-json\/wp\/v2\/comments?post=9251"}],"version-history":[{"count":1,"href":"https:\/\/medclimatehouse.org\/en\/wp-json\/wp\/v2\/pages\/9251\/revisions"}],"predecessor-version":[{"id":10292,"href":"https:\/\/medclimatehouse.org\/en\/wp-json\/wp\/v2\/pages\/9251\/revisions\/10292"}],"wp:attachment":[{"href":"https:\/\/medclimatehouse.org\/en\/wp-json\/wp\/v2\/media?parent=9251"}],"curies":[{"name":"wp","href":"https:\/\/api.w.org\/{rel}","templated":true}]}}